{"id":1499,"date":"2025-10-13T21:59:08","date_gmt":"2025-10-13T14:59:08","guid":{"rendered":"https:\/\/skyethgroup.com\/careers\/"},"modified":"2026-03-17T19:47:33","modified_gmt":"2026-03-17T12:47:33","slug":"tuyen-dung-skyeth-gtoup-co-hoi-viec-lam-phu-quoc-tphcm","status":"publish","type":"page","link":"https:\/\/skyethgroup.com\/vi\/tuyen-dung\/","title":{"rendered":"Tuy\u1ec3n d\u1ee5ng"},"content":{"rendered":"<p>T\u1ea1i Skyeth Group, ch\u00fang t\u00f4i kh\u00f4ng ng\u1eebng t\u1ea1o c\u01a1 h\u1ed9i cho m\u1ed7i c\u00e1 nh\u00e2n khai ph\u00e1 ti\u1ec1m n\u0103ng v\u00e0 v\u01b0\u1ee3t qua gi\u1edbi h\u1ea1n c\u1ee7a b\u1ea3n th\u00e2n. Ch\u00fang t\u00f4i tin r\u1eb1ng s\u1ef1 ph\u00e1t tri\u1ec3n b\u1ec1n v\u1eefng \u0111\u1ebfn t\u1eeb nh\u1eefng n\u1ed7 l\u1ef1c \u00fd ngh\u0129a m\u1ed7i ng\u00e0y trong m\u1ed9t m\u00f4i tr\u01b0\u1eddng chuy\u00ean nghi\u1ec7p, \u0111\u1ec1 cao h\u1ea1nh ph\u00fac, s\u1ef1 ph\u00e1t tri\u1ec3n c\u00e1 nh\u00e2n v\u00e0 tinh th\u1ea7n l\u00e0m vi\u1ec7c nh\u00f3m m\u1ea1nh m\u1ebd.<\/p>\n<p>L\u00e0 m\u1ed9t c\u00f4ng ty h\u00e0ng \u0111\u1ea7u trong l\u0129nh v\u1ef1c ph\u00e2n ph\u1ed1i nguy\u00ean li\u1ec7u th\u1ef1c ph\u1ea9m ch\u1ea5t l\u01b0\u1ee3ng cao, Skyeth Group cam k\u1ebft cung c\u1ea5p nh\u1eefng s\u1ea3n ph\u1ea9m t\u1ed1t nh\u1ea5t cho nhi\u1ec1u \u0111\u1ed1i t\u00e1c \u0111a d\u1ea1ng, bao g\u1ed3m nh\u00e0 h\u00e0ng, kh\u00e1ch s\u1ea1n, chu\u1ed7i qu\u00e1n c\u00e0 ph\u00ea, ti\u1ec7m b\u00e1nh v\u00e0 c\u00e1c nh\u00e0 s\u1ea3n xu\u1ea5t th\u1ef1c ph\u1ea9m. Ch\u00fang t\u00f4i lu\u00f4n t\u00ecm ki\u1ebfm nh\u1eefng t\u00e0i n\u0103ng m\u1edbi &#8211; nh\u1eefng ng\u01b0\u1eddi \u0111am m\u00ea v\u00e0 cam k\u1ebft v\u1edbi ch\u1ea5t l\u01b0\u1ee3ng &#8211; \u0111\u1ec3 c\u00f9ng nhau x\u00e2y d\u1ef1ng m\u1ed9t t\u01b0\u01a1ng lai b\u1ec1n v\u1eefng. Kh\u00e1m ph\u00e1 c\u00e1c c\u01a1 h\u1ed9i ph\u00e1t tri\u1ec3n ngh\u1ec1 nghi\u1ec7p v\u00e0 tr\u1edf th\u00e0nh m\u1ed9t ph\u1ea7n c\u1ee7a h\u00e0nh tr\u00ecnh th\u00e0nh c\u00f4ng t\u1ea1i Skyeth Group!<\/p>\n","protected":false},"excerpt":{"rendered":"<p>T\u1ea1i Skyeth Group, ch\u00fang t\u00f4i kh\u00f4ng ng\u1eebng t\u1ea1o c\u01a1 h\u1ed9i cho m\u1ed7i c\u00e1 nh\u00e2n khai ph\u00e1 ti\u1ec1m n\u0103ng v\u00e0 v\u01b0\u1ee3t qua gi\u1edbi h\u1ea1n c\u1ee7a b\u1ea3n th\u00e2n. Ch\u00fang t\u00f4i tin r\u1eb1ng s\u1ef1 ph\u00e1t tri\u1ec3n b\u1ec1n v\u1eefng \u0111\u1ebfn t\u1eeb nh\u1eefng n\u1ed7 l\u1ef1c \u00fd ngh\u0129a m\u1ed7i ng\u00e0y trong m\u1ed9t m\u00f4i tr\u01b0\u1eddng chuy\u00ean nghi\u1ec7p, \u0111\u1ec1 cao h\u1ea1nh ph\u00fac, s\u1ef1 [&hellip;]<\/p>\n","protected":false},"author":1,"featured_media":0,"parent":0,"menu_order":13,"comment_status":"closed","ping_status":"closed","template":"templates\/template_recruitment.php","meta":{"_acf_changed":false,"footnotes":""},"class_list":["post-1499","page","type-page","status-publish","hentry"],"acf":[],"_links":{"self":[{"href":"https:\/\/skyethgroup.com\/vi\/wp-json\/wp\/v2\/pages\/1499","targetHints":{"allow":["GET"]}}],"collection":[{"href":"https:\/\/skyethgroup.com\/vi\/wp-json\/wp\/v2\/pages"}],"about":[{"href":"https:\/\/skyethgroup.com\/vi\/wp-json\/wp\/v2\/types\/page"}],"author":[{"embeddable":true,"href":"https:\/\/skyethgroup.com\/vi\/wp-json\/wp\/v2\/users\/1"}],"replies":[{"embeddable":true,"href":"https:\/\/skyethgroup.com\/vi\/wp-json\/wp\/v2\/comments?post=1499"}],"version-history":[{"count":29,"href":"https:\/\/skyethgroup.com\/vi\/wp-json\/wp\/v2\/pages\/1499\/revisions"}],"predecessor-version":[{"id":2428,"href":"https:\/\/skyethgroup.com\/vi\/wp-json\/wp\/v2\/pages\/1499\/revisions\/2428"}],"wp:attachment":[{"href":"https:\/\/skyethgroup.com\/vi\/wp-json\/wp\/v2\/media?parent=1499"}],"curies":[{"name":"wp","href":"https:\/\/api.w.org\/{rel}","templated":true}]}}