{"id":1242,"date":"2025-10-11T07:15:48","date_gmt":"2025-10-11T00:15:48","guid":{"rendered":"https:\/\/skyethgroup.com\/trang-chu\/"},"modified":"2026-03-17T22:28:15","modified_gmt":"2026-03-17T15:28:15","slug":"trang-chu","status":"publish","type":"page","link":"https:\/\/skyethgroup.com\/vi\/","title":{"rendered":"Trang ch\u1ee7"},"content":{"rendered":"<p>Skyeth Group ki\u1ebfn t\u1ea1o m\u1ed9t h\u1ec7 sinh th\u00e1i d\u1ecbch v\u1ee5 \u0111a ng\u00e0nh, v\u1edbi t\u1ea7m nh\u00ecn ph\u00e1t tri\u1ec3n c\u00e1c th\u01b0\u01a1ng hi\u1ec7u Vi\u1ec7t Nam mang \u0111\u1eb3ng c\u1ea5p qu\u1ed1c t\u1ebf. Ch\u00fang t\u00f4i t\u1eadp trung v\u00e0o b\u1ed1n l\u0129nh v\u1ef1c tr\u1ee5 c\u1ed9t: Kh\u00e1ch s\u1ea1n &#8211; \u1ea8m th\u1ef1c &#8211; Spa &#8211; M\u1ef9 ph\u1ea9m cao c\u1ea5p . Song song \u0111\u00f3, T\u1eadp \u0111o\u00e0n kh\u00f4ng ng\u1eebng m\u1edf r\u1ed9ng sang c\u00e1c l\u0129nh v\u1ef1c ti\u1ec1m n\u0103ng, bao g\u1ed3m \u0110\u1eb7c s\u1ea3n v\u00e0 qu\u00e0 t\u1eb7ng, B\u1ea5t \u0111\u1ed9ng s\u1ea3n h\u1ea1ng sang v\u00e0 D\u1ecbch v\u1ee5 H\u1ed9i th\u1ea3o chuy\u00ean nghi\u1ec7p, nh\u1eb1m mang \u0111\u1ebfn m\u1ed9t h\u1ec7 sinh th\u00e1i to\u00e0n di\u1ec7n, g\u00f3p ph\u1ea7n n\u00e2ng t\u1ea7m tr\u1ea3i nghi\u1ec7m v\u00e0 ch\u1ea5t l\u01b0\u1ee3ng s\u1ed1ng.<\/p>\n","protected":false},"excerpt":{"rendered":"<p>Skyeth Group ki\u1ebfn t\u1ea1o m\u1ed9t h\u1ec7 sinh th\u00e1i d\u1ecbch v\u1ee5 \u0111a ng\u00e0nh, v\u1edbi t\u1ea7m nh\u00ecn ph\u00e1t tri\u1ec3n c\u00e1c th\u01b0\u01a1ng hi\u1ec7u Vi\u1ec7t Nam mang \u0111\u1eb3ng c\u1ea5p qu\u1ed1c t\u1ebf. Ch\u00fang t\u00f4i t\u1eadp trung v\u00e0o b\u1ed1n l\u0129nh v\u1ef1c tr\u1ee5 c\u1ed9t: Kh\u00e1ch s\u1ea1n &#8211; \u1ea8m th\u1ef1c &#8211; Spa &#8211; M\u1ef9 ph\u1ea9m cao c\u1ea5p . Song song \u0111\u00f3, T\u1eadp \u0111o\u00e0n [&hellip;]<\/p>\n","protected":false},"author":1,"featured_media":0,"parent":0,"menu_order":17,"comment_status":"closed","ping_status":"closed","template":"templates\/template_home.php","meta":{"_acf_changed":false,"footnotes":""},"class_list":["post-1242","page","type-page","status-publish","hentry"],"acf":[],"_links":{"self":[{"href":"https:\/\/skyethgroup.com\/vi\/wp-json\/wp\/v2\/pages\/1242","targetHints":{"allow":["GET"]}}],"collection":[{"href":"https:\/\/skyethgroup.com\/vi\/wp-json\/wp\/v2\/pages"}],"about":[{"href":"https:\/\/skyethgroup.com\/vi\/wp-json\/wp\/v2\/types\/page"}],"author":[{"embeddable":true,"href":"https:\/\/skyethgroup.com\/vi\/wp-json\/wp\/v2\/users\/1"}],"replies":[{"embeddable":true,"href":"https:\/\/skyethgroup.com\/vi\/wp-json\/wp\/v2\/comments?post=1242"}],"version-history":[{"count":26,"href":"https:\/\/skyethgroup.com\/vi\/wp-json\/wp\/v2\/pages\/1242\/revisions"}],"predecessor-version":[{"id":2439,"href":"https:\/\/skyethgroup.com\/vi\/wp-json\/wp\/v2\/pages\/1242\/revisions\/2439"}],"wp:attachment":[{"href":"https:\/\/skyethgroup.com\/vi\/wp-json\/wp\/v2\/media?parent=1242"}],"curies":[{"name":"wp","href":"https:\/\/api.w.org\/{rel}","templated":true}]}}